{"id":367,"date":"2025-02-03T12:25:19","date_gmt":"2025-02-03T11:25:19","guid":{"rendered":"https:\/\/artdecorenovation.com\/terminos-de-uso\/"},"modified":"2025-02-14T11:53:55","modified_gmt":"2025-02-14T10:53:55","slug":"terms-of-use","status":"publish","type":"page","link":"https:\/\/artdecorenovation.com\/en\/terms-of-use\/","title":{"rendered":"Terms of use"},"content":{"rendered":"\n<div class=\"wp-block-group container\"><div class=\"wp-block-group__inner-container is-layout-constrained wp-block-group-is-layout-constrained\">\n<h1 class=\"wp-block-heading\">Terms of use<\/h1>\n\n\n\n<p>En cumplimiento con el deber de informaci\u00f3n recogido en art\u00edculo 10 de la Ley 34\/2002, de 11 de julio, de Servicios de la Sociedad de la Informaci\u00f3n y del Comercio Electr\u00f3nico (LSSICE), el propietario de la web , le informa de lo siguiente:<\/p>\n\n\n\n<ul class=\"wp-block-list\">\n<li>Denominaci\u00f3n social: Art Deco Renovation, S.L<\/li>\n\n\n\n<li>NIF: B44606358<\/li>\n\n\n\n<li>Domicilio: Calle Nuestra Se\u00f1ora de Gracia, 26, Planta Baja, 29602 &#8211; Marbella (M\u00e1laga)<\/li>\n<\/ul>\n\n\n\n<p>Con los l\u00edmites establecidos en la ley, Art Deco Renovation, S.L no asume ninguna responsabilidad derivada de la falta de veracidad, integridad, actualizaci\u00f3n y precisi\u00f3n de los datos o informaciones que contienen sus p\u00e1ginas web.<\/p>\n\n\n\n<p>Los contenidos e informaci\u00f3n no vinculan a Art Deco Renovation, S.L ni constituyen opiniones, consejos o asesoramiento legal de ning\u00fan tipo pues se trata meramente de un servicio ofrecido con car\u00e1cter informativo y divulgativo.<\/p>\n\n\n\n<p>Las p\u00e1ginas de Internet de Art Deco Renovation, S.L pueden contener enlaces (links) a otras p\u00e1ginas de terceras partes que Art Deco Renovation, S.L no puede controlar. Por lo tanto, Art Deco Renovation, S.L no puede asumir responsabilidades por el contenido que pueda aparecer en p\u00e1ginas de terceros.<\/p>\n\n\n\n<p>Los textos, im\u00e1genes, sonidos, animaciones, software y el resto de contenidos incluidos en este website son propiedad exclusiva de Art Deco Renovation, S.L o sus licenciantes. Cualquier acto de transmisi\u00f3n, distribuci\u00f3n, cesi\u00f3n, reproducci\u00f3n, almacenamiento o comunicaci\u00f3n p\u00fablica total o parcial, deber\u00e1 contar con el consentimiento expreso de Art Deco Renovation, S.L.<\/p>\n\n\n\n<p>Asimismo, para acceder a algunos de los servicios que Art Deco Renovation, S.L ofrece a trav\u00e9s del sitio web, deber\u00e1 proporcionar algunos datos de car\u00e1cter personal. En cumplimiento de lo establecido en el Reglamento (UE) 2016\/679 del Parlamento Europeo y del Consejo, de 27 de abril de 2016, relativo a la protecci\u00f3n de las personas f\u00edsicas en lo que respecta al tratamiento de datos personales y a la libre circulaci\u00f3n de estos datos le informamos que, mediante la cumplimentaci\u00f3n de los presentes formularios, sus datos personales quedar\u00e1n incorporados y ser\u00e1n tratados en los ficheros de Art Deco Renovation, S.L con el fin de poderle prestar y ofrecer nuestros servicios as\u00ed como para informarle de las mejoras del sitio Web.<\/p>\n\n\n\n<p>Le informamos tambi\u00e9n de que tendr\u00e1 la posibilidad en todo momento de ejercer los derechos de acceso, rectificaci\u00f3n, cancelaci\u00f3n, oposici\u00f3n, limitaci\u00f3n y portabilidad de sus datos de car\u00e1cter personal, de manera gratuita mediante email a: office@artdecorenovation.com o en la direcci\u00f3n: Calle Nuestra Se\u00f1ora de Gracia, 26, Planta Baja, 29602 &#8211; Marbella (M\u00e1laga).<\/p>\n<\/div><\/div>\n","protected":false},"excerpt":{"rendered":"<p>Terms of use En cumplimiento con el deber de informaci\u00f3n recogido en art\u00edculo 10 de la Ley 34\/2002, de 11 de julio, de Servicios de la Sociedad de la Informaci\u00f3n y del Comercio Electr\u00f3nico (LSSICE),&#8230;<\/p>\n","protected":false},"author":1,"featured_media":0,"parent":0,"menu_order":0,"comment_status":"closed","ping_status":"closed","template":"legal.php","meta":{"_acf_changed":false,"inline_featured_image":false,"footnotes":""},"class_list":["post-367","page","type-page","status-publish","hentry"],"acf":[],"yoast_head":"<!-- This site is optimized with the Yoast SEO plugin v27.4 - https:\/\/yoast.com\/product\/yoast-seo-wordpress\/ -->\n<title>Terms of use | Art Deco Renovations<\/title>\n<meta name=\"robots\" content=\"index, follow, max-snippet:-1, max-image-preview:large, max-video-preview:-1\" \/>\n<link rel=\"canonical\" href=\"https:\/\/artdecorenovation.com\/en\/terms-of-use\/\" \/>\n<meta property=\"og:locale\" content=\"en_US\" \/>\n<meta property=\"og:type\" content=\"article\" \/>\n<meta property=\"og:title\" content=\"Terms of use | Art Deco Renovations\" \/>\n<meta property=\"og:description\" content=\"Terms of use En cumplimiento con el deber de informaci\u00f3n recogido en art\u00edculo 10 de la Ley 34\/2002, de 11 de julio, de Servicios de la Sociedad de la Informaci\u00f3n y del Comercio Electr\u00f3nico (LSSICE),...\" \/>\n<meta property=\"og:url\" content=\"https:\/\/artdecorenovation.com\/en\/terms-of-use\/\" \/>\n<meta property=\"og:site_name\" content=\"Art Deco Renovations\" \/>\n<meta property=\"article:modified_time\" content=\"2025-02-14T10:53:55+00:00\" \/>\n<meta name=\"twitter:card\" content=\"summary_large_image\" \/>\n<meta name=\"twitter:label1\" content=\"Est. reading time\" \/>\n\t<meta name=\"twitter:data1\" content=\"2 minutes\" \/>\n<script type=\"application\/ld+json\" class=\"yoast-schema-graph\">{\"@context\":\"https:\\\/\\\/schema.org\",\"@graph\":[{\"@type\":\"WebPage\",\"@id\":\"https:\\\/\\\/artdecorenovation.com\\\/en\\\/terms-of-use\\\/\",\"url\":\"https:\\\/\\\/artdecorenovation.com\\\/en\\\/terms-of-use\\\/\",\"name\":\"Terms of use | Art Deco Renovations\",\"isPartOf\":{\"@id\":\"https:\\\/\\\/artdecorenovation.com\\\/en\\\/#website\"},\"datePublished\":\"2025-02-03T11:25:19+00:00\",\"dateModified\":\"2025-02-14T10:53:55+00:00\",\"breadcrumb\":{\"@id\":\"https:\\\/\\\/artdecorenovation.com\\\/en\\\/terms-of-use\\\/#breadcrumb\"},\"inLanguage\":\"en-US\",\"potentialAction\":[{\"@type\":\"ReadAction\",\"target\":[\"https:\\\/\\\/artdecorenovation.com\\\/en\\\/terms-of-use\\\/\"]}]},{\"@type\":\"BreadcrumbList\",\"@id\":\"https:\\\/\\\/artdecorenovation.com\\\/en\\\/terms-of-use\\\/#breadcrumb\",\"itemListElement\":[{\"@type\":\"ListItem\",\"position\":1,\"name\":\"Home\",\"item\":\"https:\\\/\\\/artdecorenovation.com\\\/en\\\/integral-renovations-in-marbella\\\/\"},{\"@type\":\"ListItem\",\"position\":2,\"name\":\"Terms of use\"}]},{\"@type\":\"WebSite\",\"@id\":\"https:\\\/\\\/artdecorenovation.com\\\/en\\\/#website\",\"url\":\"https:\\\/\\\/artdecorenovation.com\\\/en\\\/\",\"name\":\"Art Deco Renovation\",\"description\":\"\",\"publisher\":{\"@id\":\"https:\\\/\\\/artdecorenovation.com\\\/en\\\/#organization\"},\"potentialAction\":[{\"@type\":\"SearchAction\",\"target\":{\"@type\":\"EntryPoint\",\"urlTemplate\":\"https:\\\/\\\/artdecorenovation.com\\\/en\\\/?s={search_term_string}\"},\"query-input\":{\"@type\":\"PropertyValueSpecification\",\"valueRequired\":true,\"valueName\":\"search_term_string\"}}],\"inLanguage\":\"en-US\"},{\"@type\":\"Organization\",\"@id\":\"https:\\\/\\\/artdecorenovation.com\\\/en\\\/#organization\",\"name\":\"Art Deco Renovation\",\"url\":\"https:\\\/\\\/artdecorenovation.com\\\/en\\\/\",\"logo\":{\"@type\":\"ImageObject\",\"inLanguage\":\"en-US\",\"@id\":\"https:\\\/\\\/artdecorenovation.com\\\/en\\\/#\\\/schema\\\/logo\\\/image\\\/\",\"url\":\"https:\\\/\\\/artdecorenovation.com\\\/wp-content\\\/uploads\\\/2025\\\/02\\\/favicon-art-deco-renovation.png\",\"contentUrl\":\"https:\\\/\\\/artdecorenovation.com\\\/wp-content\\\/uploads\\\/2025\\\/02\\\/favicon-art-deco-renovation.png\",\"width\":512,\"height\":512,\"caption\":\"Art Deco Renovation\"},\"image\":{\"@id\":\"https:\\\/\\\/artdecorenovation.com\\\/en\\\/#\\\/schema\\\/logo\\\/image\\\/\"},\"sameAs\":[\"http:\\\/\\\/www.instagram.com\\\/art_deco_renovation_sp\"]}]}<\/script>\n<!-- \/ Yoast SEO plugin. -->","yoast_head_json":{"title":"Terms of use | Art Deco Renovations","robots":{"index":"index","follow":"follow","max-snippet":"max-snippet:-1","max-image-preview":"max-image-preview:large","max-video-preview":"max-video-preview:-1"},"canonical":"https:\/\/artdecorenovation.com\/en\/terms-of-use\/","og_locale":"en_US","og_type":"article","og_title":"Terms of use | Art Deco Renovations","og_description":"Terms of use En cumplimiento con el deber de informaci\u00f3n recogido en art\u00edculo 10 de la Ley 34\/2002, de 11 de julio, de Servicios de la Sociedad de la Informaci\u00f3n y del Comercio Electr\u00f3nico (LSSICE),...","og_url":"https:\/\/artdecorenovation.com\/en\/terms-of-use\/","og_site_name":"Art Deco Renovations","article_modified_time":"2025-02-14T10:53:55+00:00","twitter_card":"summary_large_image","twitter_misc":{"Est. reading time":"2 minutes"},"schema":{"@context":"https:\/\/schema.org","@graph":[{"@type":"WebPage","@id":"https:\/\/artdecorenovation.com\/en\/terms-of-use\/","url":"https:\/\/artdecorenovation.com\/en\/terms-of-use\/","name":"Terms of use | Art Deco Renovations","isPartOf":{"@id":"https:\/\/artdecorenovation.com\/en\/#website"},"datePublished":"2025-02-03T11:25:19+00:00","dateModified":"2025-02-14T10:53:55+00:00","breadcrumb":{"@id":"https:\/\/artdecorenovation.com\/en\/terms-of-use\/#breadcrumb"},"inLanguage":"en-US","potentialAction":[{"@type":"ReadAction","target":["https:\/\/artdecorenovation.com\/en\/terms-of-use\/"]}]},{"@type":"BreadcrumbList","@id":"https:\/\/artdecorenovation.com\/en\/terms-of-use\/#breadcrumb","itemListElement":[{"@type":"ListItem","position":1,"name":"Home","item":"https:\/\/artdecorenovation.com\/en\/integral-renovations-in-marbella\/"},{"@type":"ListItem","position":2,"name":"Terms of use"}]},{"@type":"WebSite","@id":"https:\/\/artdecorenovation.com\/en\/#website","url":"https:\/\/artdecorenovation.com\/en\/","name":"Art Deco Renovation","description":"","publisher":{"@id":"https:\/\/artdecorenovation.com\/en\/#organization"},"potentialAction":[{"@type":"SearchAction","target":{"@type":"EntryPoint","urlTemplate":"https:\/\/artdecorenovation.com\/en\/?s={search_term_string}"},"query-input":{"@type":"PropertyValueSpecification","valueRequired":true,"valueName":"search_term_string"}}],"inLanguage":"en-US"},{"@type":"Organization","@id":"https:\/\/artdecorenovation.com\/en\/#organization","name":"Art Deco Renovation","url":"https:\/\/artdecorenovation.com\/en\/","logo":{"@type":"ImageObject","inLanguage":"en-US","@id":"https:\/\/artdecorenovation.com\/en\/#\/schema\/logo\/image\/","url":"https:\/\/artdecorenovation.com\/wp-content\/uploads\/2025\/02\/favicon-art-deco-renovation.png","contentUrl":"https:\/\/artdecorenovation.com\/wp-content\/uploads\/2025\/02\/favicon-art-deco-renovation.png","width":512,"height":512,"caption":"Art Deco Renovation"},"image":{"@id":"https:\/\/artdecorenovation.com\/en\/#\/schema\/logo\/image\/"},"sameAs":["http:\/\/www.instagram.com\/art_deco_renovation_sp"]}]}},"_links":{"self":[{"href":"https:\/\/artdecorenovation.com\/en\/wp-json\/wp\/v2\/pages\/367","targetHints":{"allow":["GET"]}}],"collection":[{"href":"https:\/\/artdecorenovation.com\/en\/wp-json\/wp\/v2\/pages"}],"about":[{"href":"https:\/\/artdecorenovation.com\/en\/wp-json\/wp\/v2\/types\/page"}],"author":[{"embeddable":true,"href":"https:\/\/artdecorenovation.com\/en\/wp-json\/wp\/v2\/users\/1"}],"replies":[{"embeddable":true,"href":"https:\/\/artdecorenovation.com\/en\/wp-json\/wp\/v2\/comments?post=367"}],"version-history":[{"count":2,"href":"https:\/\/artdecorenovation.com\/en\/wp-json\/wp\/v2\/pages\/367\/revisions"}],"predecessor-version":[{"id":415,"href":"https:\/\/artdecorenovation.com\/en\/wp-json\/wp\/v2\/pages\/367\/revisions\/415"}],"wp:attachment":[{"href":"https:\/\/artdecorenovation.com\/en\/wp-json\/wp\/v2\/media?parent=367"}],"curies":[{"name":"wp","href":"https:\/\/api.w.org\/{rel}","templated":true}]}}